{"id":27,"date":"2011-02-25T13:37:00","date_gmt":"2011-02-25T13:37:00","guid":{"rendered":"http:\/\/www.bikeshop-luechow.de\/fahrrad\/web2\/?page_id=27"},"modified":"2024-08-15T07:44:40","modified_gmt":"2024-08-15T07:44:40","slug":"impressum","status":"publish","type":"page","link":"https:\/\/www.bikeshop-luechow.de\/fahrrad\/web2\/impressum\/","title":{"rendered":"Impressum"},"content":{"rendered":"<p>verantwortlich f\u00fcr dieses Internet-Angebot i. S. d. Telemediengesetzes:<\/p>\n<p><img decoding=\"async\" src=\"https:\/\/www.bikeshop-luechow.de\/fahrrad\/web2\/wp-content\/uploads\/2011\/02\/pfeilrot.gif\" alt=\"\"><strong>BikeShop-L\u00fcchow<\/strong><br \/>\nD-29439&nbsp;L\u00fcchow<br \/>\nBergstrasse 3<br \/>\nGermany<\/p>\n<p><img decoding=\"async\" src=\"https:\/\/www.bikeshop-luechow.de\/fahrrad\/web2\/wp-content\/uploads\/2011\/02\/pfeilrot.gif\" alt=\"\"><strong>Kontakt:<\/strong><br \/>\nwerktags<\/p>\n<p>Dienstags-Freitag erreichen Sie uns telefonisch von 09:00-18:00 Uhr und Samstag von 09:00-13:00 Uhr.<\/p>\n<p><em><strong>Montags geschlossen.<\/strong><\/em><\/p>\n<p>Telefon: +49 (0) 05841- 3350<br \/>\nTelefax: +49 (0) 05841- 973648<\/p>\n<p>Sollten Sie Fragen zu unseren gef\u00fchrten Produkten oder allgemeine Fragen haben, schreiben Sie uns an:<\/p>\n<p><a href=\"mailto:Fahrrad@BikeShop-Luechow.de\" target=\"_blank\" rel=\"noopener\">Fahrrad@bikeshop-luechow.de<\/a><\/p>\n<p><img decoding=\"async\" src=\"https:\/\/www.bikeshop-luechow.de\/fahrrad\/web2\/wp-content\/uploads\/2011\/02\/pfeilrot.gif\" alt=\"\"><strong>Personal:<\/strong><br \/>\nVerkauf &amp; Buchhaltung<br \/>\nMarkus Supplie<\/p>\n<p>Verkauf &amp; Werkstatt<br \/>\nLars Schramm<\/p>\n<p><strong>&nbsp;<\/strong><\/p>\n<p><span style=\"color: #ff7700;\"><img decoding=\"async\" src=\"https:\/\/www.bikeshop-luechow.de\/fahrrad\/web2\/wp-content\/uploads\/2011\/02\/pfeilrot.gif\" alt=\"\"> <\/span><strong>Bankverbindung:<\/strong><br \/>\nKreissparkasse L\u00fcchow-Dannenberg<br \/>\nBLZ: 258 501 10<br \/>\nKto.-Nr.: 44 065 225<\/p>\n<p>f\u00fcr internationale Kunden:<br \/>\nIBAN: DE54 2585 0110 0044 0652 25<br \/>\nBIC-\/SWIFT-Code: NOLA DE 21 UEL<\/p>\n<p><img decoding=\"async\" src=\"https:\/\/www.bikeshop-luechow.de\/fahrrad\/web2\/wp-content\/uploads\/2011\/02\/pfeilrot.gif\" alt=\"\"><strong>Gesch\u00e4ftsf\u00fchrung\/Vertretungsberechtigter:<\/strong><br \/>\nGesch\u00e4ftsf\u00fchrer: Karsten Bartschat<\/p>\n<p>Umsatzsteuer-Identifikationsnummer gem\u00e4\u00df \u00a7 27 a<br \/>\nUmsatzsteuergesetz: DE169525196<\/p>\n<p>Wirtschafts-Identifikationsnummer gem\u00e4\u00df \u00a7 139c<br \/>\nAbgabenordnung: 32\/102\/00388<\/p>\n<p><strong><img decoding=\"async\" src=\"https:\/\/www.bikeshop-luechow.de\/fahrrad\/web2\/wp-content\/uploads\/2011\/02\/pfeilrot.gif\" alt=\"\">Haftungshinweis:<\/strong> Trotz sorgf\u00e4ltiger inhaltlicher Kontrolle \u00fcbernehmen wir keine Haftung f\u00fcr<br \/>\ndie Inhalte externer Links. F\u00fcr den Inhalt der verlinkten Seiten sind ausschlie\u00dflich<br \/>\nderen Betreiber verantwortlich.<\/p>\n<p>&nbsp;<\/p>\n<p>&nbsp;<\/p>\n","protected":false},"excerpt":{"rendered":"<p>verantwortlich f\u00fcr dieses Internet-Angebot i. S. d. Telemediengesetzes: BikeShop-L\u00fcchow D-29439&nbsp;L\u00fcchow Bergstrasse 3 Germany Kontakt: werktags Dienstags-Freitag erreichen Sie uns telefonisch von 09:00-18:00 Uhr und Samstag von 09:00-13:00 Uhr. Montags geschlossen. Telefon: +49 (0) 05841- 3350 Telefax: +49 (0) 05841- 973648 Sollten Sie Fragen zu unseren gef\u00fchrten Produkten oder allgemeine Fragen haben, schreiben Sie uns an: &hellip; <a href=\"https:\/\/www.bikeshop-luechow.de\/fahrrad\/web2\/impressum\/\" class=\"more-link\"><span class=\"screen-reader-text\">Impressum<\/span> weiterlesen <span class=\"meta-nav\">&rarr;<\/span><\/a><\/p>\n","protected":false},"author":1,"featured_media":0,"parent":0,"menu_order":99,"comment_status":"closed","ping_status":"closed","template":"","meta":{"ngg_post_thumbnail":0,"footnotes":""},"class_list":["post-27","page","type-page","status-publish","hentry"],"_links":{"self":[{"href":"https:\/\/www.bikeshop-luechow.de\/fahrrad\/web2\/wp-json\/wp\/v2\/pages\/27","targetHints":{"allow":["GET"]}}],"collection":[{"href":"https:\/\/www.bikeshop-luechow.de\/fahrrad\/web2\/wp-json\/wp\/v2\/pages"}],"about":[{"href":"https:\/\/www.bikeshop-luechow.de\/fahrrad\/web2\/wp-json\/wp\/v2\/types\/page"}],"author":[{"embeddable":true,"href":"https:\/\/www.bikeshop-luechow.de\/fahrrad\/web2\/wp-json\/wp\/v2\/users\/1"}],"replies":[{"embeddable":true,"href":"https:\/\/www.bikeshop-luechow.de\/fahrrad\/web2\/wp-json\/wp\/v2\/comments?post=27"}],"version-history":[{"count":15,"href":"https:\/\/www.bikeshop-luechow.de\/fahrrad\/web2\/wp-json\/wp\/v2\/pages\/27\/revisions"}],"predecessor-version":[{"id":855,"href":"https:\/\/www.bikeshop-luechow.de\/fahrrad\/web2\/wp-json\/wp\/v2\/pages\/27\/revisions\/855"}],"wp:attachment":[{"href":"https:\/\/www.bikeshop-luechow.de\/fahrrad\/web2\/wp-json\/wp\/v2\/media?parent=27"}],"curies":[{"name":"wp","href":"https:\/\/api.w.org\/{rel}","templated":true}]}}