{"id":25,"date":"2011-02-25T13:36:28","date_gmt":"2011-02-25T13:36:28","guid":{"rendered":"http:\/\/www.bikeshop-luechow.de\/fahrrad\/web2\/?page_id=25"},"modified":"2014-10-18T15:13:54","modified_gmt":"2014-10-18T15:13:54","slug":"service","status":"publish","type":"page","link":"https:\/\/www.bikeshop-luechow.de\/fahrrad\/web2\/service\/","title":{"rendered":"Service"},"content":{"rendered":"<p>Als Fachmarkt bieten wir selbstverst\u00e4ndlich auch Reparaturen an.<a href=\"https:\/\/www.bikeshop-luechow.de\/fahrrad\/web2\/wp-content\/uploads\/2011\/02\/EBikeLogoGross.gif\"><img loading=\"lazy\" decoding=\"async\" class=\"alignright size-full wp-image-489\" src=\"https:\/\/www.bikeshop-luechow.de\/fahrrad\/web2\/wp-content\/uploads\/2011\/02\/EBikeLogoGross.gif\" alt=\"EBikeLogoGross\" width=\"150\" height=\"85\" \/><\/a><\/p>\n<p><a href=\"https:\/\/www.bikeshop-luechow.de\/fahrrad\/web2\/wp-content\/uploads\/2011\/02\/werkstatt.jpg\"><img loading=\"lazy\" decoding=\"async\" class=\"wp-image-491 alignleft\" src=\"https:\/\/www.bikeshop-luechow.de\/fahrrad\/web2\/wp-content\/uploads\/2011\/02\/werkstatt.jpg\" alt=\"werkstatt\" width=\"137\" height=\"102\" srcset=\"https:\/\/www.bikeshop-luechow.de\/fahrrad\/web2\/wp-content\/uploads\/2011\/02\/werkstatt.jpg 400w, https:\/\/www.bikeshop-luechow.de\/fahrrad\/web2\/wp-content\/uploads\/2011\/02\/werkstatt-300x225.jpg 300w\" sizes=\"auto, (max-width: 137px) 100vw, 137px\" \/><\/a><\/p>\n<p>&nbsp;<\/p>\n<p>&nbsp;<\/p>\n<p>&nbsp;<\/p>\n<p>&nbsp;<\/p>\n<ul>\n<li>Inspektion<\/li>\n<li>Lichtcheck<\/li>\n<li>Nabenschaltungsservice<\/li>\n<li>Platten, Bremsen, Schaltung<\/li>\n<li>Federgabel- &amp; D\u00e4mpferservice<\/li>\n<li>Neuaufbauten<\/li>\n<li>E-Bike Service<\/li>\n<\/ul>\n<p>&nbsp;<\/p>\n<p>Die Reparaturen werden von unserem geschulten Personal sorgf\u00e4ltig ausgef\u00fchrt.<\/p>\n<p>&nbsp;<\/p>\n<p>&nbsp;<\/p>\n<p>&nbsp;<\/p>\n","protected":false},"excerpt":{"rendered":"<p>Als Fachmarkt bieten wir selbstverst\u00e4ndlich auch Reparaturen an. &nbsp; &nbsp; &nbsp; &nbsp; Inspektion Lichtcheck Nabenschaltungsservice Platten, Bremsen, Schaltung Federgabel- &amp; D\u00e4mpferservice Neuaufbauten E-Bike Service &nbsp; Die Reparaturen werden von unserem geschulten Personal sorgf\u00e4ltig ausgef\u00fchrt. &nbsp; &nbsp; &nbsp;<\/p>\n","protected":false},"author":1,"featured_media":0,"parent":0,"menu_order":6,"comment_status":"closed","ping_status":"closed","template":"","meta":{"ngg_post_thumbnail":0,"footnotes":""},"class_list":["post-25","page","type-page","status-publish","hentry"],"_links":{"self":[{"href":"https:\/\/www.bikeshop-luechow.de\/fahrrad\/web2\/wp-json\/wp\/v2\/pages\/25","targetHints":{"allow":["GET"]}}],"collection":[{"href":"https:\/\/www.bikeshop-luechow.de\/fahrrad\/web2\/wp-json\/wp\/v2\/pages"}],"about":[{"href":"https:\/\/www.bikeshop-luechow.de\/fahrrad\/web2\/wp-json\/wp\/v2\/types\/page"}],"author":[{"embeddable":true,"href":"https:\/\/www.bikeshop-luechow.de\/fahrrad\/web2\/wp-json\/wp\/v2\/users\/1"}],"replies":[{"embeddable":true,"href":"https:\/\/www.bikeshop-luechow.de\/fahrrad\/web2\/wp-json\/wp\/v2\/comments?post=25"}],"version-history":[{"count":13,"href":"https:\/\/www.bikeshop-luechow.de\/fahrrad\/web2\/wp-json\/wp\/v2\/pages\/25\/revisions"}],"predecessor-version":[{"id":767,"href":"https:\/\/www.bikeshop-luechow.de\/fahrrad\/web2\/wp-json\/wp\/v2\/pages\/25\/revisions\/767"}],"wp:attachment":[{"href":"https:\/\/www.bikeshop-luechow.de\/fahrrad\/web2\/wp-json\/wp\/v2\/media?parent=25"}],"curies":[{"name":"wp","href":"https:\/\/api.w.org\/{rel}","templated":true}]}}