{"id":23,"date":"2011-02-25T13:32:26","date_gmt":"2011-02-25T13:32:26","guid":{"rendered":"http:\/\/www.bikeshop-luechow.de\/fahrrad\/web2\/?page_id=23"},"modified":"2014-10-18T15:00:59","modified_gmt":"2014-10-18T15:00:59","slug":"bekleidung-2","status":"publish","type":"page","link":"https:\/\/www.bikeshop-luechow.de\/fahrrad\/web2\/bekleidung-2\/","title":{"rendered":"Bekleidung"},"content":{"rendered":"<p>Bekleidung und Zubeh\u00f6r haben wir <a href=\"http:\/\/www.jack-wolfskin.de\" target=\"_blank\">Jack Wolfskin<\/a> seit 20 Jahren im Programm. Specialized Radbekleidung und Zubeh\u00f6r wie Handschuhe, Schuhe, Helme usw. Au\u00dferdem Marken wie<a href=\"http:\/\/www.assosonline.de\" target=\"_blank\"> Assos<\/a>, <a href=\"http:\/\/www.agu.com\/\" target=\"_blank\">AGU<\/a> und <a href=\"http:\/\/www.endurasport.com\/\" target=\"_blank\">Endura<\/a> f\u00fcr Bekleidung.<\/p>\n<p>&nbsp;<\/p>\n<p><a href=\"https:\/\/www.bikeshop-luechow.de\/fahrrad\/web2\/wp-content\/uploads\/2011\/02\/20140124-IMG_1643.jpg\" rel=\"lightbox[18]\"><img loading=\"lazy\" decoding=\"async\" class=\"alignright\" style=\"border: 2px solid black;\" src=\"https:\/\/www.bikeshop-luechow.de\/fahrrad\/web2\/wp-content\/uploads\/2011\/02\/20140124-IMG_1643-300x225.jpg\" alt=\"Bekleidung\" width=\"240\" height=\"180\" \/><\/a> <a href=\"https:\/\/www.bikeshop-luechow.de\/fahrrad\/web2\/wp-content\/uploads\/2011\/02\/jack.jpg\"><img loading=\"lazy\" decoding=\"async\" class=\"alignleft  wp-image-500\" style=\"border: 2px solid black;\" src=\"https:\/\/www.bikeshop-luechow.de\/fahrrad\/web2\/wp-content\/uploads\/2011\/02\/jack-752x1024.jpg\" alt=\"jack\" width=\"267\" height=\"363\" srcset=\"https:\/\/www.bikeshop-luechow.de\/fahrrad\/web2\/wp-content\/uploads\/2011\/02\/jack-752x1024.jpg 752w, https:\/\/www.bikeshop-luechow.de\/fahrrad\/web2\/wp-content\/uploads\/2011\/02\/jack-220x300.jpg 220w, https:\/\/www.bikeshop-luechow.de\/fahrrad\/web2\/wp-content\/uploads\/2011\/02\/jack.jpg 882w\" sizes=\"auto, (max-width: 267px) 100vw, 267px\" \/><\/a><\/p>\n<p>&nbsp;<\/p>\n<p>&nbsp;<\/p>\n<p>&nbsp;<\/p>\n<p>&nbsp;<\/p>\n<p>&nbsp;<\/p>\n<p>&nbsp;<\/p>\n<p>&nbsp;<\/p>\n<p>&nbsp;<\/p>\n<p>&nbsp;<\/p>\n<p>&nbsp;<\/p>\n<p>&nbsp;<\/p>\n<p>&nbsp;<\/p>\n<p>&nbsp;<\/p>\n<p>&nbsp;<\/p>\n<p>&nbsp;<\/p>\n<p>&nbsp;<\/p>\n<p>&nbsp;<\/p>\n<p>&nbsp;<\/p>\n<p>&nbsp;<\/p>\n","protected":false},"excerpt":{"rendered":"<p>Bekleidung und Zubeh\u00f6r haben wir Jack Wolfskin seit 20 Jahren im Programm. Specialized Radbekleidung und Zubeh\u00f6r wie Handschuhe, Schuhe, Helme usw. Au\u00dferdem Marken wie Assos, AGU und Endura f\u00fcr Bekleidung. &nbsp; &nbsp; &nbsp; &nbsp; &nbsp; &nbsp; &nbsp; &nbsp; &nbsp; &nbsp; &nbsp; &nbsp; &nbsp; &nbsp; &nbsp; &nbsp; &nbsp; &nbsp; &nbsp; &nbsp;<\/p>\n","protected":false},"author":1,"featured_media":0,"parent":0,"menu_order":4,"comment_status":"closed","ping_status":"closed","template":"","meta":{"ngg_post_thumbnail":0,"footnotes":""},"class_list":["post-23","page","type-page","status-publish","hentry"],"_links":{"self":[{"href":"https:\/\/www.bikeshop-luechow.de\/fahrrad\/web2\/wp-json\/wp\/v2\/pages\/23","targetHints":{"allow":["GET"]}}],"collection":[{"href":"https:\/\/www.bikeshop-luechow.de\/fahrrad\/web2\/wp-json\/wp\/v2\/pages"}],"about":[{"href":"https:\/\/www.bikeshop-luechow.de\/fahrrad\/web2\/wp-json\/wp\/v2\/types\/page"}],"author":[{"embeddable":true,"href":"https:\/\/www.bikeshop-luechow.de\/fahrrad\/web2\/wp-json\/wp\/v2\/users\/1"}],"replies":[{"embeddable":true,"href":"https:\/\/www.bikeshop-luechow.de\/fahrrad\/web2\/wp-json\/wp\/v2\/comments?post=23"}],"version-history":[{"count":20,"href":"https:\/\/www.bikeshop-luechow.de\/fahrrad\/web2\/wp-json\/wp\/v2\/pages\/23\/revisions"}],"predecessor-version":[{"id":751,"href":"https:\/\/www.bikeshop-luechow.de\/fahrrad\/web2\/wp-json\/wp\/v2\/pages\/23\/revisions\/751"}],"wp:attachment":[{"href":"https:\/\/www.bikeshop-luechow.de\/fahrrad\/web2\/wp-json\/wp\/v2\/media?parent=23"}],"curies":[{"name":"wp","href":"https:\/\/api.w.org\/{rel}","templated":true}]}}