{"id":16,"date":"2011-02-25T13:29:12","date_gmt":"2011-02-25T13:29:12","guid":{"rendered":"http:\/\/www.bikeshop-luechow.de\/fahrrad\/web2\/?page_id=16"},"modified":"2023-02-08T20:36:28","modified_gmt":"2023-02-08T20:36:28","slug":"fahrrader","status":"publish","type":"page","link":"https:\/\/www.bikeshop-luechow.de\/fahrrad\/web2\/","title":{"rendered":"Fahrr\u00e4der"},"content":{"rendered":"<p><a href=\"https:\/\/www.bikeshop-luechow.de\/fahrrad\/web2\/wp-content\/uploads\/2011\/02\/20130316-IMG_7748.jpg\"><img loading=\"lazy\" decoding=\"async\" class=\"wp-image-360  alignright\" style=\"border: 2px solid black;\" src=\"https:\/\/www.bikeshop-luechow.de\/fahrrad\/web2\/wp-content\/uploads\/2011\/02\/20130316-IMG_7748-300x221.jpg\" alt=\"20 J\u00e4hriges Jubil\u00e4um\" width=\"226\" height=\"167\" srcset=\"https:\/\/www.bikeshop-luechow.de\/fahrrad\/web2\/wp-content\/uploads\/2011\/02\/20130316-IMG_7748-300x221.jpg 300w, https:\/\/www.bikeshop-luechow.de\/fahrrad\/web2\/wp-content\/uploads\/2011\/02\/20130316-IMG_7748-1024x756.jpg 1024w, https:\/\/www.bikeshop-luechow.de\/fahrrad\/web2\/wp-content\/uploads\/2011\/02\/20130316-IMG_7748.jpg 1200w\" sizes=\"auto, (max-width: 226px) 100vw, 226px\" \/><\/a><\/p>\n<p>Alle unsere Fahrradmarken, die wir im Programm haben, wurden von uns sehr sorgf\u00e4ltig ausgesucht. So vertreiben wir z.B.&nbsp; <a href=\"https:\/\/www.bikeshop-luechow.de\/fahrrad\/web2\/fahrrader\/stevens\/\">Stevens-Bikes<\/a> seit der Firmengr\u00fcndung, Wir haben fr\u00fch erkennt, dass die Hamburger Firma ein sehr gutes Potenzial besitzt. Qualitativ sehr gute Produkte mit hervorragendem&nbsp; Preis-Leistungs-Verh\u00e4ltnis auf den Markt bringt, was auch immer wieder diverse unabh\u00e4ngige Tests best\u00e4tigen. Jede Marke hat St\u00e4rken und Schw\u00e4chen, auch wenn sie im Gesamtkonzept sehr gut sind. So erg\u00e4nzen wir das sportliche Segment mit innovativen Produkten von <a href=\"https:\/\/www.bikeshop-luechow.de\/fahrrad\/web2\/fahrrader\/conway\/\">Conway<\/a>. Egal welche R\u00e4der Sie bei uns finden, sie sind alle f\u00fcr Ihre Zwecke ausgesucht. Gerne beraten wir sie ein Rad zu finden, was besonders auf ihre Bed\u00fcrfnisse zugeschnitten ist.<\/p>\n<p>&nbsp;<\/p>\n<p>Sie m\u00f6chten ein individuelles Bike? Auch das k\u00f6nnen wir realisieren, Sprechen Sie uns an.<\/p>\n<p>&nbsp;<\/p>\n<p>&nbsp;<\/p>\n","protected":false},"excerpt":{"rendered":"<p>Alle unsere Fahrradmarken, die wir im Programm haben, wurden von uns sehr sorgf\u00e4ltig ausgesucht. So vertreiben wir z.B.&nbsp; Stevens-Bikes seit der Firmengr\u00fcndung, Wir haben fr\u00fch erkennt, dass die Hamburger Firma ein sehr gutes Potenzial besitzt. Qualitativ sehr gute Produkte mit hervorragendem&nbsp; Preis-Leistungs-Verh\u00e4ltnis auf den Markt bringt, was auch immer wieder diverse unabh\u00e4ngige Tests best\u00e4tigen. Jede &hellip; <a href=\"https:\/\/www.bikeshop-luechow.de\/fahrrad\/web2\/\" class=\"more-link\"><span class=\"screen-reader-text\">Fahrr\u00e4der<\/span> weiterlesen <span class=\"meta-nav\">&rarr;<\/span><\/a><\/p>\n","protected":false},"author":1,"featured_media":0,"parent":0,"menu_order":2,"comment_status":"closed","ping_status":"closed","template":"","meta":{"ngg_post_thumbnail":0,"footnotes":""},"class_list":["post-16","page","type-page","status-publish","hentry"],"_links":{"self":[{"href":"https:\/\/www.bikeshop-luechow.de\/fahrrad\/web2\/wp-json\/wp\/v2\/pages\/16","targetHints":{"allow":["GET"]}}],"collection":[{"href":"https:\/\/www.bikeshop-luechow.de\/fahrrad\/web2\/wp-json\/wp\/v2\/pages"}],"about":[{"href":"https:\/\/www.bikeshop-luechow.de\/fahrrad\/web2\/wp-json\/wp\/v2\/types\/page"}],"author":[{"embeddable":true,"href":"https:\/\/www.bikeshop-luechow.de\/fahrrad\/web2\/wp-json\/wp\/v2\/users\/1"}],"replies":[{"embeddable":true,"href":"https:\/\/www.bikeshop-luechow.de\/fahrrad\/web2\/wp-json\/wp\/v2\/comments?post=16"}],"version-history":[{"count":23,"href":"https:\/\/www.bikeshop-luechow.de\/fahrrad\/web2\/wp-json\/wp\/v2\/pages\/16\/revisions"}],"predecessor-version":[{"id":843,"href":"https:\/\/www.bikeshop-luechow.de\/fahrrad\/web2\/wp-json\/wp\/v2\/pages\/16\/revisions\/843"}],"wp:attachment":[{"href":"https:\/\/www.bikeshop-luechow.de\/fahrrad\/web2\/wp-json\/wp\/v2\/media?parent=16"}],"curies":[{"name":"wp","href":"https:\/\/api.w.org\/{rel}","templated":true}]}}