{"id":158,"date":"2012-02-10T15:27:57","date_gmt":"2012-02-10T15:27:57","guid":{"rendered":"http:\/\/www.bikeshop-luechow.de\/fahrrad\/web2\/?page_id=158"},"modified":"2014-10-18T14:50:43","modified_gmt":"2014-10-18T14:50:43","slug":"citec","status":"publish","type":"page","link":"https:\/\/www.bikeshop-luechow.de\/fahrrad\/web2\/zubehor\/citec\/","title":{"rendered":"Citec"},"content":{"rendered":"<p><a title=\"http:\/\/www.citec.de\/\" href=\"http:\/\/www.citec.de\/\" target=\"_blank\"><img loading=\"lazy\" decoding=\"async\" class=\"alignright size-full wp-image-313\" src=\"https:\/\/www.bikeshop-luechow.de\/fahrrad\/web2\/wp-content\/uploads\/2012\/02\/Citec.png\" alt=\"Citec Logo\" width=\"312\" height=\"92\" srcset=\"https:\/\/www.bikeshop-luechow.de\/fahrrad\/web2\/wp-content\/uploads\/2012\/02\/Citec.png 450w, https:\/\/www.bikeshop-luechow.de\/fahrrad\/web2\/wp-content\/uploads\/2012\/02\/Citec-300x88.png 300w\" sizes=\"auto, (max-width: 312px) 100vw, 312px\" \/><\/a><\/p>\n<p>Innovative Laufr\u00e4der gibt es seit 20 Jahren aus Deutschland von der Firma Citec. Die Laufr\u00e4der sind f\u00fcr den Profi- und Amateur-Rennradfahrer, f\u00fcr ambitionierte Hobbyradler und Mountainbiker gleicherma\u00dfen geeignet.<\/p>\n<p>Dank des bew\u00e4hrten CITEC Power-Block-Systems gew\u00e4hrt Citec auf alle CITEC-Systemlaufr\u00e4der, welche mit diesem einzigartigen Verbindungssystem ausgestattet sind, <strong>5 Jahre Garantie gegen Speichenbruch!<\/strong><\/p>\n<p><a title=\"http:\/\/www.citec.de\/\" href=\"http:\/\/www.citec.de\/\" target=\"_blank\"><img loading=\"lazy\" decoding=\"async\" class=\"alignleft size-full wp-image-315\" src=\"https:\/\/www.bikeshop-luechow.de\/fahrrad\/web2\/wp-content\/uploads\/2012\/02\/powerblock.jpg\" alt=\"powerblock\" width=\"298\" height=\"472\" srcset=\"https:\/\/www.bikeshop-luechow.de\/fahrrad\/web2\/wp-content\/uploads\/2012\/02\/powerblock.jpg 400w, https:\/\/www.bikeshop-luechow.de\/fahrrad\/web2\/wp-content\/uploads\/2012\/02\/powerblock-189x300.jpg 189w\" sizes=\"auto, (max-width: 298px) 100vw, 298px\" \/><\/a><\/p>\n<p>Gerne statten wir Ihnen ihr neues Rad mit den System Laufr\u00e4dern von Citec aus. Sprechen Sie uns an, wir beraten Sie hierzu gerne.<\/p>\n<p>Weitere Informationen erhalten Sie auf der Homepage von Citec und selbstverst\u00e4ndlich bei uns im Laden.<\/p>\n<p>&nbsp;<\/p>\n<p>&nbsp;<\/p>\n<p>&nbsp;<\/p>\n<p>&nbsp;<\/p>\n<p>&nbsp;<\/p>\n<p>&nbsp;<\/p>\n<p>&nbsp;<\/p>\n<p>&nbsp;<\/p>\n<p>&nbsp;<\/p>\n<p>&nbsp;<\/p>\n<p>&nbsp;<\/p>\n<p>&nbsp;<\/p>\n","protected":false},"excerpt":{"rendered":"<p>Innovative Laufr\u00e4der gibt es seit 20 Jahren aus Deutschland von der Firma Citec. Die Laufr\u00e4der sind f\u00fcr den Profi- und Amateur-Rennradfahrer, f\u00fcr ambitionierte Hobbyradler und Mountainbiker gleicherma\u00dfen geeignet. Dank des bew\u00e4hrten CITEC Power-Block-Systems gew\u00e4hrt Citec auf alle CITEC-Systemlaufr\u00e4der, welche mit diesem einzigartigen Verbindungssystem ausgestattet sind, 5 Jahre Garantie gegen Speichenbruch! Gerne statten wir Ihnen ihr &hellip; <a href=\"https:\/\/www.bikeshop-luechow.de\/fahrrad\/web2\/zubehor\/citec\/\" class=\"more-link\"><span class=\"screen-reader-text\">Citec<\/span> weiterlesen <span class=\"meta-nav\">&rarr;<\/span><\/a><\/p>\n","protected":false},"author":1,"featured_media":0,"parent":18,"menu_order":0,"comment_status":"closed","ping_status":"closed","template":"","meta":{"ngg_post_thumbnail":0,"footnotes":""},"class_list":["post-158","page","type-page","status-publish","hentry"],"_links":{"self":[{"href":"https:\/\/www.bikeshop-luechow.de\/fahrrad\/web2\/wp-json\/wp\/v2\/pages\/158","targetHints":{"allow":["GET"]}}],"collection":[{"href":"https:\/\/www.bikeshop-luechow.de\/fahrrad\/web2\/wp-json\/wp\/v2\/pages"}],"about":[{"href":"https:\/\/www.bikeshop-luechow.de\/fahrrad\/web2\/wp-json\/wp\/v2\/types\/page"}],"author":[{"embeddable":true,"href":"https:\/\/www.bikeshop-luechow.de\/fahrrad\/web2\/wp-json\/wp\/v2\/users\/1"}],"replies":[{"embeddable":true,"href":"https:\/\/www.bikeshop-luechow.de\/fahrrad\/web2\/wp-json\/wp\/v2\/comments?post=158"}],"version-history":[{"count":13,"href":"https:\/\/www.bikeshop-luechow.de\/fahrrad\/web2\/wp-json\/wp\/v2\/pages\/158\/revisions"}],"predecessor-version":[{"id":739,"href":"https:\/\/www.bikeshop-luechow.de\/fahrrad\/web2\/wp-json\/wp\/v2\/pages\/158\/revisions\/739"}],"up":[{"embeddable":true,"href":"https:\/\/www.bikeshop-luechow.de\/fahrrad\/web2\/wp-json\/wp\/v2\/pages\/18"}],"wp:attachment":[{"href":"https:\/\/www.bikeshop-luechow.de\/fahrrad\/web2\/wp-json\/wp\/v2\/media?parent=158"}],"curies":[{"name":"wp","href":"https:\/\/api.w.org\/{rel}","templated":true}]}}