{"id":155,"date":"2012-02-10T15:24:48","date_gmt":"2012-02-10T15:24:48","guid":{"rendered":"http:\/\/www.bikeshop-luechow.de\/fahrrad\/web2\/?page_id=155"},"modified":"2014-10-18T14:55:32","modified_gmt":"2014-10-18T14:55:32","slug":"rohloff","status":"publish","type":"page","link":"https:\/\/www.bikeshop-luechow.de\/fahrrad\/web2\/zubehor\/rohloff\/","title":{"rendered":"Rohloff"},"content":{"rendered":"<p><a title=\"http:\/\/www.rohloff.de\" href=\"http:\/\/www.rohloff.de\" target=\"_blank\"><img loading=\"lazy\" decoding=\"async\" class=\"alignright size-full wp-image-305\" src=\"https:\/\/www.bikeshop-luechow.de\/fahrrad\/web2\/wp-content\/uploads\/2012\/02\/rohloffklein.jpg\" alt=\"Rohloff Logo\" width=\"235\" height=\"68\" srcset=\"https:\/\/www.bikeshop-luechow.de\/fahrrad\/web2\/wp-content\/uploads\/2012\/02\/rohloffklein.jpg 350w, https:\/\/www.bikeshop-luechow.de\/fahrrad\/web2\/wp-content\/uploads\/2012\/02\/rohloffklein-300x87.jpg 300w\" sizes=\"auto, (max-width: 235px) 100vw, 235px\" \/><\/a><\/p>\n<p>Wer kennt sie nicht, die Rohloff AG. 14 -Gang Getriebeschaltung und das Ganze nahezu unkaputtbar. Wer viel f\u00e4hrt oder einfach nur sorglos fahren m\u00f6chte, kommt bei der Wahl kaum an Rohloff vorbei. Egal ob\u00a0 Mountainbike,\u00a0Trekkingrad oder Tourenrad. Auch treue Kunden von uns sind schon \u00fcber 100 000km mit ihrer Rohloff gefahren, ohne gro\u00dfe Probleme. Kleinere Reparaturen k\u00f6nnen wir durch unsere Fachschulung bei Rohloff ohne Weiteres vor Ort beheben, ohne das wir ihr Hinterrad einschicken m\u00fcssen.<\/p>\n<p>Gerne Beraten wir Sie oder beantworten ihre Fragen.<\/p>\n<p>&nbsp;<\/p>\n<p>&nbsp;<\/p>\n","protected":false},"excerpt":{"rendered":"<p>Wer kennt sie nicht, die Rohloff AG. 14 -Gang Getriebeschaltung und das Ganze nahezu unkaputtbar. Wer viel f\u00e4hrt oder einfach nur sorglos fahren m\u00f6chte, kommt bei der Wahl kaum an Rohloff vorbei. Egal ob\u00a0 Mountainbike,\u00a0Trekkingrad oder Tourenrad. Auch treue Kunden von uns sind schon \u00fcber 100 000km mit ihrer Rohloff gefahren, ohne gro\u00dfe Probleme. Kleinere &hellip; <a href=\"https:\/\/www.bikeshop-luechow.de\/fahrrad\/web2\/zubehor\/rohloff\/\" class=\"more-link\"><span class=\"screen-reader-text\">Rohloff<\/span> weiterlesen <span class=\"meta-nav\">&rarr;<\/span><\/a><\/p>\n","protected":false},"author":1,"featured_media":0,"parent":18,"menu_order":0,"comment_status":"closed","ping_status":"closed","template":"","meta":{"ngg_post_thumbnail":0,"footnotes":""},"class_list":["post-155","page","type-page","status-publish","hentry"],"_links":{"self":[{"href":"https:\/\/www.bikeshop-luechow.de\/fahrrad\/web2\/wp-json\/wp\/v2\/pages\/155","targetHints":{"allow":["GET"]}}],"collection":[{"href":"https:\/\/www.bikeshop-luechow.de\/fahrrad\/web2\/wp-json\/wp\/v2\/pages"}],"about":[{"href":"https:\/\/www.bikeshop-luechow.de\/fahrrad\/web2\/wp-json\/wp\/v2\/types\/page"}],"author":[{"embeddable":true,"href":"https:\/\/www.bikeshop-luechow.de\/fahrrad\/web2\/wp-json\/wp\/v2\/users\/1"}],"replies":[{"embeddable":true,"href":"https:\/\/www.bikeshop-luechow.de\/fahrrad\/web2\/wp-json\/wp\/v2\/comments?post=155"}],"version-history":[{"count":10,"href":"https:\/\/www.bikeshop-luechow.de\/fahrrad\/web2\/wp-json\/wp\/v2\/pages\/155\/revisions"}],"predecessor-version":[{"id":743,"href":"https:\/\/www.bikeshop-luechow.de\/fahrrad\/web2\/wp-json\/wp\/v2\/pages\/155\/revisions\/743"}],"up":[{"embeddable":true,"href":"https:\/\/www.bikeshop-luechow.de\/fahrrad\/web2\/wp-json\/wp\/v2\/pages\/18"}],"wp:attachment":[{"href":"https:\/\/www.bikeshop-luechow.de\/fahrrad\/web2\/wp-json\/wp\/v2\/media?parent=155"}],"curies":[{"name":"wp","href":"https:\/\/api.w.org\/{rel}","templated":true}]}}