{"id":153,"date":"2012-02-10T15:24:19","date_gmt":"2012-02-10T15:24:19","guid":{"rendered":"http:\/\/www.bikeshop-luechow.de\/fahrrad\/web2\/?page_id=153"},"modified":"2014-10-18T14:59:44","modified_gmt":"2014-10-18T14:59:44","slug":"syntace","status":"publish","type":"page","link":"https:\/\/www.bikeshop-luechow.de\/fahrrad\/web2\/zubehor\/syntace\/","title":{"rendered":"Syntace"},"content":{"rendered":"<p><a title=\"http:\/\/www.syntace.de\" href=\"http:\/\/www.syntace.de\" target=\"_blank\"><img loading=\"lazy\" decoding=\"async\" class=\"alignright size-full wp-image-291\" src=\"https:\/\/www.bikeshop-luechow.de\/fahrrad\/web2\/wp-content\/uploads\/2012\/02\/syntace.jpg\" alt=\"syntace logo\" width=\"301\" height=\"63\" srcset=\"https:\/\/www.bikeshop-luechow.de\/fahrrad\/web2\/wp-content\/uploads\/2012\/02\/syntace.jpg 400w, https:\/\/www.bikeshop-luechow.de\/fahrrad\/web2\/wp-content\/uploads\/2012\/02\/syntace-300x63.jpg 300w\" sizes=\"auto, (max-width: 301px) 100vw, 301px\" \/><\/a><\/p>\n<p>Hochwertige Fahrradteile gibt es von Syntace aus Tacherting. Bekannt geworden sind sie durch \u00fcberragende Qualit\u00e4t von Fahrradlenkern und Vorbauten. Inzwischen gibt es jede Menge Zubeh\u00f6r, die Syntace anbietet. Wer es stabil und haltbar mag, der setzt auf Syntace Produkte.<\/p>\n<p>&nbsp;<\/p>\n<p><a title=\"http:\/\/www.syntace.de\" href=\"http:\/\/www.syntace.de\" target=\"_blank\"><img loading=\"lazy\" decoding=\"async\" class=\"alignleft size-full wp-image-295\" src=\"https:\/\/www.bikeshop-luechow.de\/fahrrad\/web2\/wp-content\/uploads\/2012\/02\/Syntace_PICTURE4514.gif\" alt=\"Syntace_PICTURE4514\" width=\"385\" height=\"150\" \/><\/a><\/p>\n<p>&nbsp;<\/p>\n<p>&nbsp;<\/p>\n<p>&nbsp;<\/p>\n<p>&nbsp;<\/p>\n<p>&nbsp;<\/p>\n<p>&nbsp;<\/p>\n<p>Eine \u00dcbersicht \u00fcber alle Syntace Produkte finden Sie <a title=\"http:\/\/www.syntace.de\/\" href=\"http:\/\/www.syntace.de\/\" target=\"_blank\">hier<\/a> oder klicken Sie auf das Firmen Logo.<\/p>\n<p>&nbsp;<\/p>\n<p>&nbsp;<\/p>\n","protected":false},"excerpt":{"rendered":"<p>Hochwertige Fahrradteile gibt es von Syntace aus Tacherting. Bekannt geworden sind sie durch \u00fcberragende Qualit\u00e4t von Fahrradlenkern und Vorbauten. Inzwischen gibt es jede Menge Zubeh\u00f6r, die Syntace anbietet. Wer es stabil und haltbar mag, der setzt auf Syntace Produkte. &nbsp; &nbsp; &nbsp; &nbsp; &nbsp; &nbsp; &nbsp; Eine \u00dcbersicht \u00fcber alle Syntace Produkte finden Sie hier &hellip; <a href=\"https:\/\/www.bikeshop-luechow.de\/fahrrad\/web2\/zubehor\/syntace\/\" class=\"more-link\"><span class=\"screen-reader-text\">Syntace<\/span> weiterlesen <span class=\"meta-nav\">&rarr;<\/span><\/a><\/p>\n","protected":false},"author":1,"featured_media":0,"parent":18,"menu_order":0,"comment_status":"closed","ping_status":"closed","template":"","meta":{"ngg_post_thumbnail":0,"footnotes":""},"class_list":["post-153","page","type-page","status-publish","hentry"],"_links":{"self":[{"href":"https:\/\/www.bikeshop-luechow.de\/fahrrad\/web2\/wp-json\/wp\/v2\/pages\/153","targetHints":{"allow":["GET"]}}],"collection":[{"href":"https:\/\/www.bikeshop-luechow.de\/fahrrad\/web2\/wp-json\/wp\/v2\/pages"}],"about":[{"href":"https:\/\/www.bikeshop-luechow.de\/fahrrad\/web2\/wp-json\/wp\/v2\/types\/page"}],"author":[{"embeddable":true,"href":"https:\/\/www.bikeshop-luechow.de\/fahrrad\/web2\/wp-json\/wp\/v2\/users\/1"}],"replies":[{"embeddable":true,"href":"https:\/\/www.bikeshop-luechow.de\/fahrrad\/web2\/wp-json\/wp\/v2\/comments?post=153"}],"version-history":[{"count":15,"href":"https:\/\/www.bikeshop-luechow.de\/fahrrad\/web2\/wp-json\/wp\/v2\/pages\/153\/revisions"}],"predecessor-version":[{"id":749,"href":"https:\/\/www.bikeshop-luechow.de\/fahrrad\/web2\/wp-json\/wp\/v2\/pages\/153\/revisions\/749"}],"up":[{"embeddable":true,"href":"https:\/\/www.bikeshop-luechow.de\/fahrrad\/web2\/wp-json\/wp\/v2\/pages\/18"}],"wp:attachment":[{"href":"https:\/\/www.bikeshop-luechow.de\/fahrrad\/web2\/wp-json\/wp\/v2\/media?parent=153"}],"curies":[{"name":"wp","href":"https:\/\/api.w.org\/{rel}","templated":true}]}}