{"id":130,"date":"2012-02-10T15:07:39","date_gmt":"2012-02-10T15:07:39","guid":{"rendered":"http:\/\/www.bikeshop-luechow.de\/fahrrad\/web2\/?page_id=130"},"modified":"2014-10-18T13:49:18","modified_gmt":"2014-10-18T13:49:18","slug":"hartje-manufaktur","status":"publish","type":"page","link":"https:\/\/www.bikeshop-luechow.de\/fahrrad\/web2\/fahrrader\/hartje-manufaktur\/","title":{"rendered":"Hartje Manufaktur"},"content":{"rendered":"<p><a title=\"http:\/\/www.hartje-manufaktur.de\/\" href=\"http:\/\/www.hartje-manufaktur.de\/\" target=\"_blank\"><img loading=\"lazy\" decoding=\"async\" class=\"alignright size-full wp-image-257\" src=\"https:\/\/www.bikeshop-luechow.de\/fahrrad\/web2\/wp-content\/uploads\/2012\/02\/HARTJE_MANUFAKTUR_Kaemna.jpg\" alt=\"Hartje Manufaktur\" width=\"240\" height=\"33\" \/><\/a><\/p>\n<p>Hartje ist nicht nur unser Haus- und Hoflieferant, Sie bieten uns auch diverse Fahrradmarken wie z.B. <a title=\"https:\/\/www.bikeshop-luechow.de\/fahrrad\/web2\/fahrrader\/conway\/\" href=\"https:\/\/www.bikeshop-luechow.de\/fahrrad\/web2\/fahrrader\/conway\/\">Conway<\/a>, <a title=\"https:\/\/www.bikeshop-luechow.de\/fahrrad\/web2\/fahrrader\/victoria\/\" href=\"https:\/\/www.bikeshop-luechow.de\/fahrrad\/web2\/fahrrader\/victoria\/\">Victoria<\/a>, <a title=\"https:\/\/www.bikeshop-luechow.de\/fahrrad\/web2\/fahrrader\/prince\/\" href=\"https:\/\/www.bikeshop-luechow.de\/fahrrad\/web2\/fahrrader\/prince\/\">Prince<\/a> und Hartje Manufaktur.<a title=\"http:\/\/www.hartje-manufaktur.de\" href=\"http:\/\/www.hartje-manufaktur.de\" target=\"_blank\"> Firma Hartje <\/a>ist seit 110 Jahren ans\u00e4ssig in Hoya bei Verden. Die Handmade Manufaktur R\u00e4der mit diversen Rahmen, Farben, diverse Schaltungen und Ausstattungen, k\u00f6nnen Sie sich auf der Homepage von Hartje Manufaktur anschauen.<\/p>\n<p>Gerne laden wir Sie zu einer Probefahrt bei trockenem Wetter herzlich ein. Sprechen Sie uns an, wir beraten Sie gerne.<\/p>\n<p>Eine \u00dcbersicht \u00fcber alle Hartje Manufaktur R\u00e4der finden Sie <a title=\"http:\/\/www.hartje-manufaktur.de\/\" href=\"http:\/\/www.hartje-manufaktur.de\/\" target=\"_blank\">hier<\/a> oder klicken Sie auf das Firmen Logo.<\/p>\n<p>&nbsp;<\/p>\n<p>&nbsp;<\/p>\n","protected":false},"excerpt":{"rendered":"<p>Hartje ist nicht nur unser Haus- und Hoflieferant, Sie bieten uns auch diverse Fahrradmarken wie z.B. Conway, Victoria, Prince und Hartje Manufaktur. Firma Hartje ist seit 110 Jahren ans\u00e4ssig in Hoya bei Verden. Die Handmade Manufaktur R\u00e4der mit diversen Rahmen, Farben, diverse Schaltungen und Ausstattungen, k\u00f6nnen Sie sich auf der Homepage von Hartje Manufaktur anschauen. &hellip; <a href=\"https:\/\/www.bikeshop-luechow.de\/fahrrad\/web2\/fahrrader\/hartje-manufaktur\/\" class=\"more-link\"><span class=\"screen-reader-text\">Hartje Manufaktur<\/span> weiterlesen <span class=\"meta-nav\">&rarr;<\/span><\/a><\/p>\n","protected":false},"author":1,"featured_media":0,"parent":16,"menu_order":5,"comment_status":"closed","ping_status":"closed","template":"","meta":{"ngg_post_thumbnail":0,"footnotes":""},"class_list":["post-130","page","type-page","status-publish","hentry"],"_links":{"self":[{"href":"https:\/\/www.bikeshop-luechow.de\/fahrrad\/web2\/wp-json\/wp\/v2\/pages\/130","targetHints":{"allow":["GET"]}}],"collection":[{"href":"https:\/\/www.bikeshop-luechow.de\/fahrrad\/web2\/wp-json\/wp\/v2\/pages"}],"about":[{"href":"https:\/\/www.bikeshop-luechow.de\/fahrrad\/web2\/wp-json\/wp\/v2\/types\/page"}],"author":[{"embeddable":true,"href":"https:\/\/www.bikeshop-luechow.de\/fahrrad\/web2\/wp-json\/wp\/v2\/users\/1"}],"replies":[{"embeddable":true,"href":"https:\/\/www.bikeshop-luechow.de\/fahrrad\/web2\/wp-json\/wp\/v2\/comments?post=130"}],"version-history":[{"count":14,"href":"https:\/\/www.bikeshop-luechow.de\/fahrrad\/web2\/wp-json\/wp\/v2\/pages\/130\/revisions"}],"predecessor-version":[{"id":717,"href":"https:\/\/www.bikeshop-luechow.de\/fahrrad\/web2\/wp-json\/wp\/v2\/pages\/130\/revisions\/717"}],"up":[{"embeddable":true,"href":"https:\/\/www.bikeshop-luechow.de\/fahrrad\/web2\/wp-json\/wp\/v2\/pages\/16"}],"wp:attachment":[{"href":"https:\/\/www.bikeshop-luechow.de\/fahrrad\/web2\/wp-json\/wp\/v2\/media?parent=130"}],"curies":[{"name":"wp","href":"https:\/\/api.w.org\/{rel}","templated":true}]}}