{"id":124,"date":"2012-02-10T15:03:17","date_gmt":"2012-02-10T15:03:17","guid":{"rendered":"http:\/\/www.bikeshop-luechow.de\/fahrrad\/web2\/?page_id=124"},"modified":"2018-01-31T15:48:56","modified_gmt":"2018-01-31T15:48:56","slug":"victoria-e-bikes","status":"publish","type":"page","link":"https:\/\/www.bikeshop-luechow.de\/fahrrad\/web2\/fahrrader\/victoria-e-bikes\/","title":{"rendered":"Victoria E-Bikes"},"content":{"rendered":"<p><a title=\"http:\/\/www.e-rad.de\/\" href=\"http:\/\/www.e-rad.de\/\" target=\"_blank\" rel=\"noopener\"><img loading=\"lazy\" decoding=\"async\" class=\"alignright size-full wp-image-269\" src=\"https:\/\/www.bikeshop-luechow.de\/fahrrad\/web2\/wp-content\/uploads\/2012\/02\/e_rad_logo.png\" alt=\"E-Rad Victoria\" width=\"254\" height=\"116\"><\/a>Victoria bietet ihnen eine Vielzahl von E-R\u00e4dern an. Mit Qualit\u00e4tsmotoren von Bosch, Panasonic, TranzX und Panterra. Gute Erfahrung und Support lassen Sie sorgenfrei Fahren.<\/p>\n<p>Ein E-Rad ist genau richtig f\u00fcr alle, die wissen, was gut f\u00fcr Sie ist. Raus aus dem Trott. Das Auto stehen lassen. Den Gegenwind genie\u00dfen, ankommen, entspannen: Energie erleben. Au\u00dferdem auch eine interessante Alternative f\u00fcr Pendler, die eine gewisse Distanz zur Arbeit abfahren m\u00fcssen. Ohne Schwei\u00df und ohne teure Spritpreise.<\/p>\n<p>Unsere E-Bikes sind immer aufgeladen und stehen f\u00fcr Sie bei gutem Wetter zur Probefahrt bereit.<\/p>\n<p>Eine \u00dcbersicht \u00fcber alle Victoria E-bikes finden Sie <a title=\"http:\/\/www.e-rad.de\/\" href=\"http:\/\/www.e-rad.de\/\" target=\"_blank\" rel=\"noopener\">hier<\/a> oder klicken Sie auf das Victoria Firmen Logo.<\/p>\n<p>&#8211; <a title=\"http:\/\/www.e-rad.de\/download.html\" href=\"https:\/\/www.e-punkt.de\/#faq\" target=\"_blank\" rel=\"noopener\">Bedienungsanleitungen und FAQ <\/a><\/p>\n<p><strong>&#8222;Auf Tradition setzen &#8211; in die Zukunft Fahren&#8220;<\/strong><\/p>\n<p><a href=\"https:\/\/www.bosch-ebike.com\/de\/service\/reichweiten-assistent\/\" target=\"_blank\" rel=\"noopener\">&#8211; Bosch Reichweitenrechner<\/a><\/p>\n<ul>\n<li><a href=\"https:\/\/www.bosch-ebike.com\/de\/service\/downloads\/\" target=\"_blank\" rel=\"noopener\">Akku Guide<\/a><\/li>\n<\/ul>\n<p>&nbsp;<\/p>\n","protected":false},"excerpt":{"rendered":"<p>Victoria bietet ihnen eine Vielzahl von E-R\u00e4dern an. Mit Qualit\u00e4tsmotoren von Bosch, Panasonic, TranzX und Panterra. Gute Erfahrung und Support lassen Sie sorgenfrei Fahren. Ein E-Rad ist genau richtig f\u00fcr alle, die wissen, was gut f\u00fcr Sie ist. Raus aus dem Trott. Das Auto stehen lassen. Den Gegenwind genie\u00dfen, ankommen, entspannen: Energie erleben. Au\u00dferdem auch &hellip; <a href=\"https:\/\/www.bikeshop-luechow.de\/fahrrad\/web2\/fahrrader\/victoria-e-bikes\/\" class=\"more-link\"><span class=\"screen-reader-text\">Victoria E-Bikes<\/span> weiterlesen <span class=\"meta-nav\">&rarr;<\/span><\/a><\/p>\n","protected":false},"author":1,"featured_media":0,"parent":16,"menu_order":7,"comment_status":"closed","ping_status":"closed","template":"","meta":{"ngg_post_thumbnail":0,"footnotes":""},"class_list":["post-124","page","type-page","status-publish","hentry"],"_links":{"self":[{"href":"https:\/\/www.bikeshop-luechow.de\/fahrrad\/web2\/wp-json\/wp\/v2\/pages\/124","targetHints":{"allow":["GET"]}}],"collection":[{"href":"https:\/\/www.bikeshop-luechow.de\/fahrrad\/web2\/wp-json\/wp\/v2\/pages"}],"about":[{"href":"https:\/\/www.bikeshop-luechow.de\/fahrrad\/web2\/wp-json\/wp\/v2\/types\/page"}],"author":[{"embeddable":true,"href":"https:\/\/www.bikeshop-luechow.de\/fahrrad\/web2\/wp-json\/wp\/v2\/users\/1"}],"replies":[{"embeddable":true,"href":"https:\/\/www.bikeshop-luechow.de\/fahrrad\/web2\/wp-json\/wp\/v2\/comments?post=124"}],"version-history":[{"count":18,"href":"https:\/\/www.bikeshop-luechow.de\/fahrrad\/web2\/wp-json\/wp\/v2\/pages\/124\/revisions"}],"predecessor-version":[{"id":834,"href":"https:\/\/www.bikeshop-luechow.de\/fahrrad\/web2\/wp-json\/wp\/v2\/pages\/124\/revisions\/834"}],"up":[{"embeddable":true,"href":"https:\/\/www.bikeshop-luechow.de\/fahrrad\/web2\/wp-json\/wp\/v2\/pages\/16"}],"wp:attachment":[{"href":"https:\/\/www.bikeshop-luechow.de\/fahrrad\/web2\/wp-json\/wp\/v2\/media?parent=124"}],"curies":[{"name":"wp","href":"https:\/\/api.w.org\/{rel}","templated":true}]}}