{"id":112,"date":"2012-02-10T14:53:39","date_gmt":"2012-02-10T14:53:39","guid":{"rendered":"http:\/\/www.bikeshop-luechow.de\/fahrrad\/web2\/?page_id=112"},"modified":"2018-01-31T15:29:02","modified_gmt":"2018-01-31T15:29:02","slug":"conway","status":"publish","type":"page","link":"https:\/\/www.bikeshop-luechow.de\/fahrrad\/web2\/fahrrader\/conway\/","title":{"rendered":"Conway"},"content":{"rendered":"<p><a title=\"http:\/\/www.conway-bikes.de\/\" href=\"http:\/\/www.conway-bikes.de\/\" target=\"_blank\" rel=\"noopener\"><img loading=\"lazy\" decoding=\"async\" class=\"alignright size-full wp-image-276\" src=\"https:\/\/www.bikeshop-luechow.de\/fahrrad\/web2\/wp-content\/uploads\/2012\/02\/CONWAY_Logo.jpg\" alt=\"Conway\" width=\"180\" height=\"180\" srcset=\"https:\/\/www.bikeshop-luechow.de\/fahrrad\/web2\/wp-content\/uploads\/2012\/02\/CONWAY_Logo.jpg 180w, https:\/\/www.bikeshop-luechow.de\/fahrrad\/web2\/wp-content\/uploads\/2012\/02\/CONWAY_Logo-150x150.jpg 150w\" sizes=\"auto, (max-width: 180px) 100vw, 180px\" \/><\/a><\/p>\n<p>Conway Sportr\u00e4der und Kinderr\u00e4der sind eine Alternative zu unseren Hauptmarken.<\/p>\n<p>Eine \u00dcbersicht \u00fcber alle Conway-R\u00e4der finden Sie <a title=\"http:\/\/www.conway-bikes.de\/\" href=\"http:\/\/www.conway-bikes.de\/\" target=\"_blank\" rel=\"noopener\">hier<\/a> oder klicken Sie auf das Conway Firmen Logo<\/p>\n<p>&nbsp;<\/p>\n<p><strong>&#8222;Bike Dich Frei &#8222;<\/strong><\/p>\n<p>&nbsp;<\/p>\n<p>&nbsp;<\/p>\n","protected":false},"excerpt":{"rendered":"<p>Conway Sportr\u00e4der und Kinderr\u00e4der sind eine Alternative zu unseren Hauptmarken. Eine \u00dcbersicht \u00fcber alle Conway-R\u00e4der finden Sie hier oder klicken Sie auf das Conway Firmen Logo &nbsp; &#8222;Bike Dich Frei &#8222; &nbsp; &nbsp;<\/p>\n","protected":false},"author":1,"featured_media":0,"parent":16,"menu_order":8,"comment_status":"closed","ping_status":"closed","template":"","meta":{"ngg_post_thumbnail":0,"footnotes":""},"class_list":["post-112","page","type-page","status-publish","hentry"],"_links":{"self":[{"href":"https:\/\/www.bikeshop-luechow.de\/fahrrad\/web2\/wp-json\/wp\/v2\/pages\/112","targetHints":{"allow":["GET"]}}],"collection":[{"href":"https:\/\/www.bikeshop-luechow.de\/fahrrad\/web2\/wp-json\/wp\/v2\/pages"}],"about":[{"href":"https:\/\/www.bikeshop-luechow.de\/fahrrad\/web2\/wp-json\/wp\/v2\/types\/page"}],"author":[{"embeddable":true,"href":"https:\/\/www.bikeshop-luechow.de\/fahrrad\/web2\/wp-json\/wp\/v2\/users\/1"}],"replies":[{"embeddable":true,"href":"https:\/\/www.bikeshop-luechow.de\/fahrrad\/web2\/wp-json\/wp\/v2\/comments?post=112"}],"version-history":[{"count":12,"href":"https:\/\/www.bikeshop-luechow.de\/fahrrad\/web2\/wp-json\/wp\/v2\/pages\/112\/revisions"}],"predecessor-version":[{"id":830,"href":"https:\/\/www.bikeshop-luechow.de\/fahrrad\/web2\/wp-json\/wp\/v2\/pages\/112\/revisions\/830"}],"up":[{"embeddable":true,"href":"https:\/\/www.bikeshop-luechow.de\/fahrrad\/web2\/wp-json\/wp\/v2\/pages\/16"}],"wp:attachment":[{"href":"https:\/\/www.bikeshop-luechow.de\/fahrrad\/web2\/wp-json\/wp\/v2\/media?parent=112"}],"curies":[{"name":"wp","href":"https:\/\/api.w.org\/{rel}","templated":true}]}}